{"id":1790,"date":"2025-07-15T11:03:53","date_gmt":"2025-07-15T08:03:53","guid":{"rendered":"https:\/\/laundrix.ee\/%d1%81%d1%8b%d0%bb%d0%b5-61-sole-61\/"},"modified":"2025-11-05T14:52:32","modified_gmt":"2025-11-05T12:52:32","slug":"%d1%81%d1%8b%d0%bb%d0%b5-61-sole-61","status":"publish","type":"page","link":"https:\/\/laundrix.ee\/ru\/%d1%81%d1%8b%d0%bb%d0%b5-61-sole-61\/","title":{"rendered":"\u0421\u044b\u043b\u0435 61"},"content":{"rendered":"<div class=\"wpb-content-wrapper\"><p>[vc_row top_margin=&#187;page-margin-top-section&#187;][vc_column width=&#187;1\/2&#8243;][vc_single_image image=&#187;1778&#8243; img_size=&#187;big-thumb&#187; onclick=&#187;img_link_large&#187; css=&#187;&#187; el_class=&#187;cm-lightbox&#187;][vc_row_inner el_class=&#187;margin-top-30&#8243;][vc_column_inner width=&#187;1\/2&#8243;][vc_single_image image=&#187;1775&#8243; img_size=&#187;small-thumb&#187; onclick=&#187;img_link_large&#187; css=&#187;&#187; el_class=&#187;cm-lightbox&#187;][vc_single_image image=&#187;1781&#8243; img_size=&#187;small-thumb&#187; onclick=&#187;img_link_large&#187; css=&#187;.vc_custom_1752567524157{padding-top: 40px !important;}&#187; el_class=&#187;cm-lightbox&#187;][\/vc_column_inner][vc_column_inner width=&#187;1\/2&#8243;][vc_single_image image=&#187;1769&#8243; img_size=&#187;small-thumb&#187; onclick=&#187;img_link_large&#187; css=&#187;&#187; el_class=&#187;cm-lightbox&#187;][vc_single_image image=&#187;1772&#8243; img_size=&#187;small-thumb&#187; onclick=&#187;img_link_large&#187; css=&#187;.vc_custom_1752567535932{padding-top: 40px !important;}&#187; el_class=&#187;cm-lightbox&#187;][\/vc_column_inner][\/vc_row_inner][vc_column_text css=&#187;&#187; el_class=&#187;padding-0 margin-top-27&#8243;]<\/p>\n<h2>\u041e\u0422\u041a\u0420\u042b\u0422\u041e \u0414-\u041f 06:00-00:00<\/h2>\n<p>[\/vc_column_text][vc_column_text css=&#187;&#187; el_class=&#187;padding-0 margin-top-27&#8243;]<\/p>\n<h2 class=\"value\">\u0422\u0435\u043b\u0435\u0444\u043e\u043d \u0441\u043b\u0443\u0436\u0431\u044b \u043f\u043e\u0434\u0434\u0435\u0440\u0436\u043a\u0438 \u043a\u043b\u0438\u0435\u043d\u0442\u043e\u0432: <a href=\"tel:+37256828684\">+372 5682 8684<\/a><br \/>\n(08:00-17:00)<\/h2>\n<p>[\/vc_column_text][\/vc_column][vc_column width=&#187;1\/2&#8243;][vc_row_inner el_class=&#187;padding-left-right-30&#8243;][vc_column_inner]<h2 class=\"box-header align-left\">Laundrix S\u00f5le pesumaja<\/h2>[vc_column_text css=&#187;&#187; el_class=&#187;description&#187;]\u041f\u0440\u0430\u0447\u0435\u0447\u043d\u0430\u044f Laundrix \u043f\u043e \u0430\u0434\u0440\u0435\u0441\u0443 \u0421\u044b\u043b\u0435 61 (\u0422\u0430\u043b\u043b\u0438\u043d\u043d) \u2014 \u044d\u0442\u043e \u0441\u043e\u0432\u0440\u0435\u043c\u0435\u043d\u043d\u0430\u044f, \u043f\u043e\u043b\u043d\u043e\u0441\u0442\u044c\u044e \u0430\u0432\u0442\u043e\u043c\u0430\u0442\u0438\u0437\u0438\u0440\u043e\u0432\u0430\u043d\u043d\u0430\u044f \u043f\u0440\u0430\u0447\u0435\u0447\u043d\u0430\u044f \u0441\u0430\u043c\u043e\u043e\u0431\u0441\u043b\u0443\u0436\u0438\u0432\u0430\u043d\u0438\u044f, \u0433\u0434\u0435 \u0432\u044b \u043c\u043e\u0436\u0435\u0442\u0435 \u0443\u0434\u043e\u0431\u043d\u043e, \u043b\u0435\u0433\u043a\u043e \u0438 \u043f\u043e \u0434\u043e\u0441\u0442\u0443\u043f\u043d\u043e\u0439 \u0446\u0435\u043d\u0435 \u043f\u043e\u0441\u0442\u0438\u0440\u0430\u0442\u044c \u0438 \u0432\u044b\u0441\u0443\u0448\u0438\u0442\u044c \u0441\u0432\u043e\u0451 \u0431\u0435\u043b\u044c\u0451.[\/vc_column_text][vc_column_text css=&#187;&#187; el_class=&#187;padding-0 margin-top-27&#8243;]\u041d\u0430\u0448\u0430 \u043f\u0440\u0430\u0447\u0435\u0447\u043d\u0430\u044f \u0441\u0430\u043c\u043e\u043e\u0431\u0441\u043b\u0443\u0436\u0438\u0432\u0430\u043d\u0438\u044f \u043f\u0440\u0435\u0434\u043b\u0430\u0433\u0430\u0435\u0442 \u0443\u0434\u043e\u0431\u043d\u044b\u0439 \u0438 \u0431\u044b\u0441\u0442\u0440\u044b\u0439 \u0441\u043f\u043e\u0441\u043e\u0431 \u0441\u0442\u0438\u0440\u043a\u0438 \u043f\u043e\u0432\u0441\u0435\u0434\u043d\u0435\u0432\u043d\u043e\u0439 \u043e\u0434\u0435\u0436\u0434\u044b, \u0430 \u0442\u0430\u043a\u0436\u0435 \u0431\u043e\u043b\u0435\u0435 \u043a\u0440\u0443\u043f\u043d\u044b\u0445 \u0432\u0435\u0449\u0435\u0439, \u0442\u0430\u043a\u0438\u0445 \u043a\u0430\u043a \u043e\u0434\u0435\u044f\u043b\u0430, \u043f\u043e\u0434\u0443\u0448\u043a\u0438 \u0438 \u0432\u0435\u0440\u0445\u043d\u044f\u044f \u043e\u0434\u0435\u0436\u0434\u0430. \u041e\u043d\u0430 \u043e\u0441\u043d\u0430\u0449\u0435\u043d\u0430 \u0448\u0435\u0441\u0442\u044c\u044e \u0431\u043e\u043b\u044c\u0448\u0438\u043c\u0438 \u0441\u0442\u0438\u0440\u0430\u043b\u044c\u043d\u044b\u043c\u0438 \u043c\u0430\u0448\u0438\u043d\u0430\u043c\u0438 \u0438 \u0447\u0435\u0442\u044b\u0440\u044c\u043c\u044f \u0441\u0443\u0448\u0438\u043b\u044c\u043d\u044b\u043c\u0438 \u043c\u0430\u0448\u0438\u043d\u0430\u043c\u0438, \u0447\u0442\u043e\u0431\u044b \u043e\u0431\u0435\u0441\u043f\u0435\u0447\u0438\u0442\u044c \u044d\u0444\u0444\u0435\u043a\u0442\u0438\u0432\u043d\u0443\u044e \u0438 \u0431\u0435\u0440\u0435\u0436\u043d\u0443\u044e \u0441\u0442\u0438\u0440\u043a\u0443. <\/p>\n<p>\u0412\u0441\u0435 \u043c\u043e\u044e\u0449\u0438\u0435 \u0441\u0440\u0435\u0434\u0441\u0442\u0432\u0430 \u044d\u043a\u043e\u043b\u043e\u0433\u0438\u0447\u0435\u0441\u043a\u0438 \u0447\u0438\u0441\u0442\u044b\u0435, \u0436\u0438\u0434\u043a\u0438\u0435 \u0438 \u0430\u0432\u0442\u043e\u043c\u0430\u0442\u0438\u0447\u0435\u0441\u043a\u0438 \u0434\u043e\u0437\u0438\u0440\u0443\u0435\u043c\u044b\u0435, \u043f\u043e\u0434\u0445\u043e\u0434\u044f\u0442 \u043a\u0430\u043a \u0434\u043b\u044f \u0430\u043b\u043b\u0435\u0440\u0433\u0438\u043a\u043e\u0432, \u0442\u0430\u043a \u0438 \u0434\u043b\u044f \u043c\u043b\u0430\u0434\u0435\u043d\u0446\u0435\u0432. \u0411\u043b\u0430\u0433\u043e\u0434\u0430\u0440\u044f \u0441\u043e\u0432\u0440\u0435\u043c\u0435\u043d\u043d\u043e\u043c\u0443 \u043e\u0431\u043e\u0440\u0443\u0434\u043e\u0432\u0430\u043d\u0438\u044e \u0412\u044b \u043c\u043e\u0436\u0435\u0442\u0435 \u043f\u043e\u043b\u0443\u0447\u0438\u0442\u044c \u0447\u0438\u0441\u0442\u043e\u0435 \u0438 \u0441\u0443\u0445\u043e\u0435 \u0431\u0435\u043b\u044c\u0435 \u043c\u0435\u043d\u0435\u0435 \u0447\u0435\u043c \u0437\u0430 \u0447\u0430\u0441! <\/p>\n<p>\u0423\u0441\u043b\u0443\u0433\u0430\u043c\u0438 \u043f\u0440\u0430\u0447\u0435\u0447\u043d\u043e\u0439 Laundrix \u043f\u043e\u043b\u044c\u0437\u0443\u044e\u0442\u0441\u044f \u043a\u0430\u043a \u0447\u0430\u0441\u0442\u043d\u044b\u0435, \u0442\u0430\u043a \u0438 \u0434\u0435\u043b\u043e\u0432\u044b\u0435 \u043a\u043b\u0438\u0435\u043d\u0442\u044b. \u041a\u0440\u043e\u043c\u0435 \u0442\u043e\u0433\u043e, \u043c\u044b \u043f\u0440\u0435\u0434\u043b\u0430\u0433\u0430\u0435\u043c \u0434\u0435\u043b\u043e\u0432\u044b\u043c \u043a\u043b\u0438\u0435\u043d\u0442\u0430\u043c \u0432\u043e\u0437\u043c\u043e\u0436\u043d\u043e\u0441\u0442\u044c \u0437\u0430\u043a\u0430\u0437\u0430\u0442\u044c \u0443\u0434\u043e\u0431\u043d\u0443\u044e \u043a\u0443\u0440\u044c\u0435\u0440\u0441\u043a\u0443\u044e \u0441\u043b\u0443\u0436\u0431\u0443 \u0434\u043b\u044f \u043f\u0435\u0440\u0435\u0432\u043e\u0437\u043a\u0438 \u0431\u0435\u043b\u044c\u044f \u0438 \u0433\u043e\u0442\u043e\u0432\u0438\u043c \u043f\u0435\u0440\u0441\u043e\u043d\u0430\u043b\u044c\u043d\u043e\u0435 \u043f\u0440\u0435\u0434\u043b\u043e\u0436\u0435\u043d\u0438\u0435 \u0434\u043b\u044f \u043d\u043e\u0432\u044b\u0445 \u0434\u0435\u043b\u043e\u0432\u044b\u0445 \u043a\u043b\u0438\u0435\u043d\u0442\u043e\u0432. <\/p>\n<p>\u041f\u0440\u0430\u0447\u0435\u0447\u043d\u0430\u044f Laundrix \u0442\u0435\u043f\u0435\u0440\u044c \u043d\u0430\u0445\u043e\u0434\u0438\u0442\u0441\u044f \u0438 \u0432 \u0446\u0435\u043d\u0442\u0440\u0435 \u041d\u0443\u0440\u043c\u0435\u043d\u0443\u043a\u0443, \u0434\u043e \u043a\u043e\u0442\u043e\u0440\u043e\u0433\u043e \u043b\u0435\u0433\u043a\u043e \u0434\u043e\u0431\u0440\u0430\u0442\u044c\u0441\u044f \u043d\u0430 \u043c\u0430\u0448\u0438\u043d\u0435 \u0438 \u043f\u0435\u0448\u043a\u043e\u043c. \u0412 \u0446\u0435\u043d\u0442\u0440\u0435 \u0438\u043c\u0435\u0435\u0442\u0441\u044f \u0431\u0435\u0441\u043f\u043b\u0430\u0442\u043d\u0430\u044f \u043f\u0430\u0440\u043a\u043e\u0432\u043a\u0430. \u041f\u043e\u043a\u0430 \u0412\u044b \u0441\u0442\u0438\u0440\u0430\u0435\u0442\u0435 \u0431\u0435\u043b\u044c\u0435, \u0412\u044b \u043c\u043e\u0436\u0435\u0442\u0435 \u043f\u0440\u043e\u0432\u0435\u0441\u0442\u0438 \u0432\u0440\u0435\u043c\u044f \u0432 \u0431\u043b\u0438\u0437\u043b\u0435\u0436\u0430\u0449\u0438\u0445 \u0437\u0430\u043a\u0443\u0441\u043e\u0447\u043d\u044b\u0445 \u0438\u043b\u0438 \u043c\u0430\u0433\u0430\u0437\u0438\u043d\u0430\u0445.  <\/p>\n<p>\u041f\u043e\u043b\u0443\u0447\u0438\u0442\u0435 \u0447\u0438\u0441\u0442\u043e\u0435 \u0438 \u0441\u0443\u0445\u043e\u0435 \u0431\u0435\u043b\u044c\u0435 \u043c\u0435\u043d\u0435\u0435 \u0447\u0435\u043c \u0437\u0430 \u0447\u0430\u0441 &#8212; \u043f\u0440\u0438\u0445\u043e\u0434\u0438\u0442\u0435 \u0438 \u043f\u043e\u043f\u0440\u043e\u0431\u0443\u0439\u0442\u0435![\/vc_column_text][\/vc_column_inner][\/vc_row_inner][vc_row_inner el_class=&#187;padding-left-right-30&#8243;][vc_column_inner]<h3 class=\"box-header align-left page-margin-top\">Hinnakiri<\/h3>[vc_column_text css=&#187;&#187;]<\/p>\n<table border=\"1\" cellspacing=\"5\" cellpadding=\"5\" align=\"left\">\n<tbody>\n<tr>\n<td>\n<div><strong>\u041c\u0430\u0448\u0438\u043d\u0430 \u043d\u043e\u043c\u0435\u0440<\/strong><\/div>\n<\/td>\n<td>\n<div><strong>\u0401\u043c\u043a\u043e\u0441\u0442\u044c<\/strong><\/div>\n<\/td>\n<td>\n<div><strong>\u0426\u0435\u043d\u0430<\/strong><\/div>\n<\/td>\n<\/tr>\n<tr>\n<td>\n<div>\u0421\u0442\u0438\u0440\u0430\u043b\u044c\u043d\u0430\u044f \u043c\u0430\u0448\u0438\u043d\u0430<\/div>\n<\/td>\n<td>\n<div>10 \u043a\u0433<\/div>\n<\/td>\n<td>\n<div>6 \u20ac<\/div>\n<\/td>\n<\/tr>\n<tr>\n<td>\n<div>\u0421\u0442\u0438\u0440\u0430\u043b\u044c\u043d\u0430\u044f \u043c\u0430\u0448\u0438\u043d\u0430<\/div>\n<\/td>\n<td>\n<div>15 kg<\/div>\n<\/td>\n<td>\n<div>8 \u20ac<\/div>\n<\/td>\n<\/tr>\n<tr>\n<td>\n<div>\u0421\u0442\u0438\u0440\u0430\u043b\u044c\u043d\u0430\u044f \u043c\u0430\u0448\u0438\u043d\u0430<\/div>\n<\/td>\n<td>\n<div>20 \u043a\u0433<\/div>\n<\/td>\n<td>\n<div>10 \u20ac<\/div>\n<\/td>\n<\/tr>\n<tr>\n<td>\n<div>\u0421\u0443\u0448\u0438\u043b\u043a\u0430 \u0434\u043b\u044f \u0431\u0435\u043b\u044c\u044f<\/div>\n<\/td>\n<td>\n<div>20 \u043c\u0438\u043d<\/div>\n<\/td>\n<td>\n<div>3 \u20ac<\/div>\n<\/td>\n<\/tr>\n<\/tbody>\n<\/table>\n<p>[\/vc_column_text][\/vc_column_inner][\/vc_row_inner][\/vc_column][\/vc_row][vc_row type=&#187;full-width cm-parallax&#187; top_margin=&#187;page-margin-top-section&#187; el_class=&#187;page-padding-top-section&#187; css=&#187;.vc_custom_1736437168495{background-color: #3CA4FF !important;}&#187;][vc_column][vc_row_inner][vc_column_inner width=&#187;1\/2&#8243;]<h4 class=\"box-header margin-top-40 no-border\">\u0421\u0442\u0438\u0440\u043a\u0430 \u0431\u0435\u043b\u044c\u044f \u2014 \u044d\u0442\u043e \u043f\u0440\u043e\u0441\u0442\u043e \u0438 \u0443\u0434\u043e\u0431\u043d\u043e.<\/h4><ul class=\"list margin-top-20\"><li class=\"template-tick-1\"><span>\u0412\u044b\u0431\u0435\u0440\u0438\u0442\u0435 \u043f\u043e\u0434\u0445\u043e\u0434\u044f\u0449\u0443\u044e \u0441\u0442\u0438\u0440\u0430\u043b\u044c\u043d\u0443\u044e \u043c\u0430\u0448\u0438\u043d\u0443 \u043f\u043e \u0440\u0430\u0437\u043c\u0435\u0440\u0443.<\/span><\/li><br \/>\n<li class=\"template-tick-1\"><span>\u041f\u043e\u043c\u0435\u0441\u0442\u0438\u0442\u0435 \u0431\u0435\u043b\u044c\u0435 \u0432 \u0432\u044b\u0431\u0440\u0430\u043d\u043d\u0443\u044e \u0441\u0442\u0438\u0440\u0430\u043b\u044c\u043d\u0443\u044e \u043c\u0430\u0448\u0438\u043d\u0443.<\/span><\/li><br \/>\n<li class=\"template-tick-1\"><span>\u041f\u0435\u0440\u0435\u043c\u0435\u0441\u0442\u0438\u0442\u0435\u0441\u044c \u043a \u0446\u0435\u043d\u0442\u0440\u0430\u043b\u044c\u043d\u043e\u043c\u0443 \u043f\u043b\u0430\u0442\u0435\u0436\u043d\u043e\u043c\u0443 \u0442\u0435\u0440\u043c\u0438\u043d\u0430\u043b\u0443.<\/span><\/li><br \/>\n<li class=\"template-tick-1\"><span>\u0412\u044b\u0431\u0435\u0440\u0438\u0442\u0435 \u043d\u043e\u043c\u0435\u0440 \u0441\u0432\u043e\u0435\u0439 \u0441\u0442\u0438\u0440\u0430\u043b\u044c\u043d\u043e\u0439 \u043c\u0430\u0448\u0438\u043d\u044b \u043d\u0430 \u043f\u043b\u0430\u0442\u0435\u0436\u043d\u043e\u043c \u0442\u0435\u0440\u043c\u0438\u043d\u0430\u043b\u0435.<\/span><\/li><br \/>\n<li class=\"template-tick-1\"><span>\u041e\u0441\u0443\u0449\u0435\u0441\u0442\u0432\u0438\u0442\u0435 \u043f\u043b\u0430\u0442\u0451\u0436 \u043d\u0430 \u0442\u0435\u0440\u043c\u0438\u043d\u0430\u043b\u0435.<\/span><\/li><br \/>\n<li class=\"template-tick-1\"><span>\u0412\u0435\u0440\u043d\u0438\u0442\u0435\u0441\u044c \u043a \u0441\u0442\u0438\u0440\u0430\u043b\u044c\u043d\u043e\u0439 \u043c\u0430\u0448\u0438\u043d\u0435 \u0438 \u043d\u0430\u0434\u0435\u0436\u043d\u043e \u0437\u0430\u043a\u0440\u043e\u0439\u0442\u0435 \u0435\u0451 \u0434\u0432\u0435\u0440\u0446\u0443.<\/span><\/li><br \/>\n<li class=\"template-tick-1\"><span>\u0412\u044b\u0431\u0435\u0440\u0438\u0442\u0435 \u0446\u0438\u043a\u043b \u0441\u0442\u0438\u0440\u043a\u0438 \u043d\u0430 \u043f\u0430\u043d\u0435\u043b\u0438 \u0443\u043f\u0440\u0430\u0432\u043b\u0435\u043d\u0438\u044f \u0441\u0442\u0438\u0440\u0430\u043b\u044c\u043d\u043e\u0439 \u043c\u0430\u0448\u0438\u043d\u044b.<\/span><\/li><br \/>\n<li class=\"template-tick-1\"><span>\u041f\u043e\u0434\u0442\u0432\u0435\u0440\u0434\u0438\u0442\u0435 \u0441\u0432\u043e\u0439 \u0432\u044b\u0431\u043e\u0440 \u043d\u0430 \u043f\u0430\u043d\u0435\u043b\u0438 \u0443\u043f\u0440\u0430\u0432\u043b\u0435\u043d\u0438\u044f \u0441\u0442\u0438\u0440\u0430\u043b\u044c\u043d\u043e\u0439 \u043c\u0430\u0448\u0438\u043d\u044b.<\/span><\/li><br \/>\n<li class=\"template-tick-1\"><span>\u0426\u0438\u043a\u043b \u0441\u0442\u0438\u0440\u043a\u0438 \u043d\u0430\u0447\u043d\u0435\u0442\u0441\u044f \u0430\u0432\u0442\u043e\u043c\u0430\u0442\u0438\u0447\u0435\u0441\u043a\u0438.<\/span><\/li><br \/>\n<li class=\"template-tick-1\"><span>\u0426\u0438\u043a\u043b \u0441\u0442\u0438\u0440\u043a\u0438 \u043e\u0441\u0442\u0430\u043d\u0430\u0432\u043b\u0438\u0432\u0430\u0435\u0442\u0441\u044f \u0442\u043e\u043b\u044c\u043a\u043e \u0432 \u044d\u043a\u0441\u0442\u0440\u0435\u043d\u043d\u044b\u0445 \u0441\u043b\u0443\u0447\u0430\u044f\u0445.<\/span><\/li><br \/>\n<li class=\"template-tick-1\"><span>\u041e\u043a\u043e\u043d\u0447\u0430\u043d\u0438\u0435 \u0446\u0438\u043a\u043b\u0430 \u0431\u0443\u0434\u0435\u0442 \u0441\u0438\u0433\u043d\u0430\u043b\u0438\u0437\u0438\u0440\u043e\u0432\u0430\u0442\u044c\u0441\u044f \u0437\u0432\u0443\u043a\u043e\u0432\u044b\u043c \u043f\u0438\u043a\u043e\u043c.<\/span><\/li><br \/>\n<li class=\"template-tick-1\"><span>\u0423\u0434\u0430\u043b\u0438\u0442\u0435 \u0441\u0432\u043e\u0451 \u0431\u0435\u043b\u044c\u0451 \u0438\u0437 \u0441\u0442\u0438\u0440\u0430\u043b\u044c\u043d\u043e\u0439 \u043c\u0430\u0448\u0438\u043d\u044b \u0438 \u043d\u0430\u0441\u043b\u0430\u0436\u0434\u0430\u0439\u0442\u0435\u0441\u044c \u0447\u0438\u0441\u0442\u044b\u043c \u0431\u0435\u043b\u044c\u0451\u043c!<\/span><\/li><\/ul>[\/vc_column_inner][vc_column_inner width=&#187;1\/2&#8243;]<h4 class=\"box-header margin-top-40 no-border\">\u0421\u0443\u0448\u043a\u0430 \u0431\u0435\u043b\u044c\u044f \u2014 \u044d\u0442\u043e \u043f\u0440\u043e\u0441\u0442\u043e \u0438 \u0443\u0434\u043e\u0431\u043d\u043e.<\/h4><ul class=\"list margin-top-20\"><li class=\"template-tick-1\"><span>\u0412\u044b\u0431\u0435\u0440\u0438\u0442\u0435 \u043f\u043e\u0434\u0445\u043e\u0434\u044f\u0449\u0443\u044e \u0441\u0443\u0448\u0438\u043b\u043a\u0443 \u0434\u043b\u044f \u0431\u0435\u043b\u044c\u044f.<\/span><\/li><br \/>\n<li class=\"template-tick-1\"><span>\u041f\u043e\u043c\u0435\u0441\u0442\u0438\u0442\u0435 \u0431\u0435\u043b\u044c\u0435 \u0432 \u0432\u044b\u0431\u0440\u0430\u043d\u043d\u0443\u044e \u0441\u0443\u0448\u0438\u043b\u043a\u0443.<\/span><\/li><br \/>\n<li class=\"template-tick-1\"><span>\u041f\u0435\u0440\u0435\u043c\u0435\u0441\u0442\u0438\u0442\u0435\u0441\u044c \u043a \u0446\u0435\u043d\u0442\u0440\u0430\u043b\u044c\u043d\u043e\u043c\u0443 \u043f\u043b\u0430\u0442\u0435\u0436\u043d\u043e\u043c\u0443 \u0442\u0435\u0440\u043c\u0438\u043d\u0430\u043b\u0443.<\/span><\/li><br \/>\n<li class=\"template-tick-1\"><span>\u0412\u044b\u0431\u0435\u0440\u0438\u0442\u0435 \u043d\u043e\u043c\u0435\u0440 \u0441\u0432\u043e\u0435\u0439 \u0441\u0443\u0448\u0438\u043b\u043a\u0438 \u043d\u0430 \u0442\u0435\u0440\u043c\u0438\u043d\u0430\u043b\u0435.<\/span><\/li><br \/>\n<li class=\"template-tick-1\"><span>\u041e\u0441\u0443\u0449\u0435\u0441\u0442\u0432\u0438\u0442\u0435 \u043f\u043b\u0430\u0442\u0451\u0436 \u043d\u0430 \u043f\u043b\u0430\u0442\u0435\u0436\u043d\u043e\u043c \u0442\u0435\u0440\u043c\u0438\u043d\u0430\u043b\u0435.<\/span><\/li><br \/>\n<li class=\"template-tick-1\"><span>\u0412\u0435\u0440\u043d\u0438\u0442\u0435\u0441\u044c \u043a \u0441\u0443\u0448\u0438\u043b\u043a\u0435 \u0438 \u043d\u0430\u0434\u0435\u0436\u043d\u043e \u0437\u0430\u043a\u0440\u043e\u0439\u0442\u0435 \u0435\u0451 \u0434\u0432\u0435\u0440\u0446\u0443.<\/span><\/li><br \/>\n<li class=\"template-tick-1\"><span>\u0412\u044b\u0431\u0435\u0440\u0438\u0442\u0435 \u043f\u043e\u0434\u0445\u043e\u0434\u044f\u0449\u0438\u0439 \u0446\u0438\u043a\u043b \u0441\u0443\u0448\u043a\u0438 \u043d\u0430 \u043f\u0430\u043d\u0435\u043b\u0438 \u0443\u043f\u0440\u0430\u0432\u043b\u0435\u043d\u0438\u044f \u0441\u0443\u0448\u0438\u043b\u043a\u0438.<\/span><\/li><br \/>\n<li class=\"template-tick-1\"><span>\u041f\u043e\u0434\u0442\u0432\u0435\u0440\u0434\u0438\u0442\u0435 \u0441\u0432\u043e\u0439 \u0432\u044b\u0431\u043e\u0440 \u043d\u0430 \u043f\u0430\u043d\u0435\u043b\u0438 \u0443\u043f\u0440\u0430\u0432\u043b\u0435\u043d\u0438\u044f \u0441\u0443\u0448\u0438\u043b\u043a\u0438.<\/span><\/li><br \/>\n<li class=\"template-tick-1\"><span>\u0426\u0438\u043a\u043b \u0441\u0443\u0448\u043a\u0438 \u043d\u0430\u0447\u043d\u0435\u0442\u0441\u044f \u0430\u0432\u0442\u043e\u043c\u0430\u0442\u0438\u0447\u0435\u0441\u043a\u0438.<\/span><\/li><br \/>\n<li class=\"template-tick-1\"><span>\u0426\u0438\u043a\u043b \u0441\u0443\u0448\u043a\u0438 \u043e\u0441\u0442\u0430\u043d\u043e\u0432\u0438\u0442\u0441\u044f \u0442\u043e\u043b\u044c\u043a\u043e \u0432 \u044d\u043a\u0441\u0442\u0440\u0435\u043d\u043d\u044b\u0445 \u0441\u043b\u0443\u0447\u0430\u044f\u0445.<\/span><\/li><br \/>\n<li class=\"template-tick-1\"><span>\u041e\u043a\u043e\u043d\u0447\u0430\u043d\u0438\u0435 \u0446\u0438\u043a\u043b\u0430 \u0441\u0443\u0448\u043a\u0438 \u0431\u0443\u0434\u0435\u0442 \u0441\u0438\u0433\u043d\u0430\u043b\u0438\u0437\u0438\u0440\u043e\u0432\u0430\u0442\u044c\u0441\u044f \u0437\u0432\u0443\u043a\u043e\u0432\u044b\u043c \u043f\u0438\u043a\u043e\u043c.<\/span><\/li><br \/>\n<li class=\"template-tick-1\"><span>\u0423\u0434\u0430\u043b\u0438\u0442\u0435 \u0441\u0432\u043e\u0451 \u0431\u0435\u043b\u044c\u0451 \u0438\u0437 \u0441\u0443\u0448\u0438\u043b\u043a\u0438 \u0438 \u043d\u0430\u0441\u043b\u0430\u0436\u0434\u0430\u0439\u0442\u0435\u0441\u044c \u0441\u0443\u0445\u0438\u043c \u0438 \u0447\u0438\u0441\u0442\u044b\u043c \u0431\u0435\u043b\u044c\u0451\u043c!<\/span><\/li><\/p>\n<p><\/ul>[\/vc_column_inner][\/vc_row_inner][\/vc_column][\/vc_row][vc_row type=&#187;full-width&#187;][vc_column]<div id='map' style='width:100%;height:500px;'><\/div>[\/vc_column][\/vc_row][vc_row type=&#187;full-width&#187; el_class=&#187;padding-top-89 padding-bottom-100&#8243; css=&#187;.vc_custom_1505914370877{background-color: #f6f6f6 !important;}&#187;][vc_column][vc_row_inner][vc_column_inner]<h3 class=\"box-header no-border\">\u041e\u0422\u0417\u042b\u0412\u042b \u041a\u041b\u0418\u0415\u041d\u0422\u041e\u0412<\/h3><div class=\"testimonials-container type-small margin-top-40\"><div class=\"cm-carousel-pagination\"><\/div><ul class=\"testimonials-list testimonials-carousel autoplay-0 pause_on_hover-1 scroll-1 effect-scroll easing-easeInOutQuint duration-750\"><li>\n\t\t\t\t\t\n\t\t\t\t\t<p class=\"template-quote\">Kuulsin naabrinaiselt, et Mustakivi keskuses avati iseteeninduslik pesumaja. K\u00e4isin ka uudistamas. Pesin puhtaks enda ja abikaasa talvejoped. K\u00f5ik k\u00e4is lihtsalt ja kiiresti. J\u00e4in v\u00e4ga rahule! \u2013 Marina<\/p>\n\t\t\t\t\t<div class=\"author-details-box\">\n\t\t\t\t\t<div class=\"author\">Meie kliendid hindavad mugavust, kiirust ja kvaliteeti! Tule ja proovi ise j\u00e4rele!<\/div>\n\t\t\t\t\t\n\t\t\t\t\t<\/div>\n\t\t\t\t<\/li><li>\n\t\t\t\t\t\n\t\t\t\t\t<p class=\"template-quote\">K\u00e4isin Laundrix pesumajas suuri patju pesemas. Padjad said puhtaks ja kuivaks v\u00e4ga kiiresti. Mis k\u00f5ige t\u00e4htsam, hinnad olid v\u00e4ga soodsad v\u00f5rreldes keemiliste puhastustega. Kindlasti k\u00fclastan veel! \u2013 Katriin<\/p>\n\t\t\t\t\t<div class=\"author-details-box\">\n\t\t\t\t\t<div class=\"author\">Kiire, taskukohane ja t\u00f5hus \u2013 meie kliendid tulevad alati tagasi! Proovi ka sina!<\/div>\n\t\t\t\t\t\n\t\t\t\t\t<\/div>\n\t\t\t\t<\/li><li>\n\t\t\t\t\t\n\t\t\t\t\t<p class=\"template-quote\">Avastasin Laundrix pesumaja t\u00e4nu s\u00f5branna soovitusele. Pesin seal suure tekikomplekti ja tulemusega j\u00e4in v\u00e4ga rahule. Masinad olid lihtsad kasutada ja pesu sai kiiresti puhtaks ning kuivaks. Kindlasti kasutan teenust ka edaspidi! \u2013 Liina<\/p>\n\t\t\t\t\t<div class=\"author-details-box\">\n\t\t\t\t\t<div class=\"author\">Puhtus ja mugavus igal ajal \u2013 tule ja proovi ise j\u00e4rele!<\/div>\n\t\t\t\t\t\n\t\t\t\t\t<\/div>\n\t\t\t\t<\/li><\/ul><\/div>[\/vc_column_inner][\/vc_row_inner][\/vc_column][\/vc_row]<\/p>\n<\/div>","protected":false},"excerpt":{"rendered":"<p>[vc_row top_margin=&#187;page-margin-top-section&#187;][vc_column width=&#187;1\/2&#8243;][vc_single_image image=&#187;1778&#8243; img_size=&#187;big-thumb&#187; onclick=&#187;img_link_large&#187; css=&#187;&#187; el_class=&#187;cm-lightbox&#187;][vc_row_inner el_class=&#187;margin-top-30&#8243;][vc_column_inner width=&#187;1\/2&#8243;][vc_single_image image=&#187;1775&#8243; img_size=&#187;small-thumb&#187; onclick=&#187;img_link_large&#187; css=&#187;&#187; el_class=&#187;cm-lightbox&#187;][vc_single_image image=&#187;1781&#8243; img_size=&#187;small-thumb&#187; onclick=&#187;img_link_large&#187; css=&#187;.vc_custom_1752567524157{padding-top: 40px !important;}&#187; el_class=&#187;cm-lightbox&#187;][\/vc_column_inner][vc_column_inner width=&#187;1\/2&#8243;][vc_single_image image=&#187;1769&#8243; img_size=&#187;small-thumb&#187; onclick=&#187;img_link_large&#187; css=&#187;&#187; el_class=&#187;cm-lightbox&#187;][vc_single_image image=&#187;1772&#8243; img_size=&#187;small-thumb&#187; onclick=&#187;img_link_large&#187; css=&#187;.vc_custom_1752567535932{padding-top: 40px !important;}&#187; el_class=&#187;cm-lightbox&#187;][\/vc_column_inner][\/vc_row_inner][vc_column_text css=&#187;&#187; el_class=&#187;padding-0 margin-top-27&#8243;] \u041e\u0422\u041a\u0420\u042b\u0422\u041e \u0414-\u041f 06:00-00:00 [\/vc_column_text][vc_column_text css=&#187;&#187; el_class=&#187;padding-0 margin-top-27&#8243;] \u0422\u0435\u043b\u0435\u0444\u043e\u043d \u0441\u043b\u0443\u0436\u0431\u044b \u043f\u043e\u0434\u0434\u0435\u0440\u0436\u043a\u0438 \u043a\u043b\u0438\u0435\u043d\u0442\u043e\u0432: +372 5682 8684 (08:00-17:00) [\/vc_column_text][\/vc_column][vc_column width=&#187;1\/2&#8243;][vc_row_inner<\/p>\n","protected":false},"author":2,"featured_media":0,"parent":0,"menu_order":0,"comment_status":"closed","ping_status":"closed","template":"","meta":{"footnotes":""},"class_list":["post-1790","page","type-page","status-publish","hentry"],"aioseo_notices":[],"_links":{"self":[{"href":"https:\/\/laundrix.ee\/ru\/wp-json\/wp\/v2\/pages\/1790","targetHints":{"allow":["GET"]}}],"collection":[{"href":"https:\/\/laundrix.ee\/ru\/wp-json\/wp\/v2\/pages"}],"about":[{"href":"https:\/\/laundrix.ee\/ru\/wp-json\/wp\/v2\/types\/page"}],"author":[{"embeddable":true,"href":"https:\/\/laundrix.ee\/ru\/wp-json\/wp\/v2\/users\/2"}],"replies":[{"embeddable":true,"href":"https:\/\/laundrix.ee\/ru\/wp-json\/wp\/v2\/comments?post=1790"}],"version-history":[{"count":5,"href":"https:\/\/laundrix.ee\/ru\/wp-json\/wp\/v2\/pages\/1790\/revisions"}],"predecessor-version":[{"id":1909,"href":"https:\/\/laundrix.ee\/ru\/wp-json\/wp\/v2\/pages\/1790\/revisions\/1909"}],"wp:attachment":[{"href":"https:\/\/laundrix.ee\/ru\/wp-json\/wp\/v2\/media?parent=1790"}],"curies":[{"name":"wp","href":"https:\/\/api.w.org\/{rel}","templated":true}]}}