{"id":1878,"date":"2025-11-05T11:56:22","date_gmt":"2025-11-05T09:56:22","guid":{"rendered":"https:\/\/laundrix.ee\/tartu-mnt-24-2\/"},"modified":"2025-11-05T14:59:32","modified_gmt":"2025-11-05T12:59:32","slug":"tartu-mnt-24-2","status":"publish","type":"page","link":"https:\/\/laundrix.ee\/en\/tartu-mnt-24-2\/","title":{"rendered":"Tartu mnt 24"},"content":{"rendered":"<div class=\"wpb-content-wrapper\"><p>[vc_row top_margin=&#8221;page-margin-top-section&#8221;][vc_column width=&#8221;1\/2&#8243;][vc_single_image image=&#8221;1834&#8243; img_size=&#8221;big-thumb&#8221; onclick=&#8221;img_link_large&#8221; css=&#8221;&#8221; el_class=&#8221;cm-lightbox&#8221;][vc_row_inner el_class=&#8221;margin-top-30&#8243;][vc_column_inner width=&#8221;1\/2&#8243;][vc_single_image image=&#8221;1847&#8243; img_size=&#8221;small-thumb&#8221; onclick=&#8221;img_link_large&#8221; css=&#8221;&#8221; el_class=&#8221;cm-lightbox&#8221;][vc_single_image image=&#8221;1841&#8243; img_size=&#8221;small-thumb&#8221; onclick=&#8221;img_link_large&#8221; css=&#8221;.vc_custom_1762337296087{padding-top: 40px !important;}&#8221; el_class=&#8221;cm-lightbox&#8221;][\/vc_column_inner][vc_column_inner width=&#8221;1\/2&#8243;][vc_single_image image=&#8221;1850&#8243; img_size=&#8221;small-thumb&#8221; onclick=&#8221;img_link_large&#8221; css=&#8221;&#8221; el_class=&#8221;cm-lightbox&#8221;][vc_single_image image=&#8221;1844&#8243; img_size=&#8221;small-thumb&#8221; onclick=&#8221;img_link_large&#8221; css=&#8221;.vc_custom_1762337303544{padding-top: 40px !important;}&#8221; el_class=&#8221;cm-lightbox&#8221;][\/vc_column_inner][\/vc_row_inner][vc_column_text css=&#8221;&#8221; el_class=&#8221;padding-0 margin-top-27&#8243;]<\/p>\n<h2>OPEN M-S 07:00-23:00<\/h2>\n<p>[\/vc_column_text][vc_column_text css=&#8221;&#8221; el_class=&#8221;padding-0 margin-top-27&#8243;]<\/p>\n<h2 class=\"value\">Customer service tel: <a href=\"tel:+37256828684\">+372 5682 8684<\/a><br \/>\n(8am-5pm)<\/h2>\n<p>[\/vc_column_text][vc_column_text css=&#8221;&#8221; el_class=&#8221;padding-0 margin-top-27&#8243;]<\/p>\n<h2>Entrance from Liivalaia Street!<\/h2>\n<p>[\/vc_column_text][vc_single_image image=&#8221;1854&#8243; img_size=&#8221;large&#8221; onclick=&#8221;img_link_large&#8221; css=&#8221;.vc_custom_1762340416556{padding-top: 40px !important;}&#8221; el_class=&#8221;cm-lightbox&#8221;][\/vc_column][vc_column width=&#8221;1\/2&#8243;][vc_row_inner el_class=&#8221;padding-left-right-30&#8243;][vc_column_inner]<h2 class=\"box-header align-left\">Laundrix Tartu mnt 24 pesumaja<\/h2>[vc_column_text css=&#8221;&#8221; el_class=&#8221;description&#8221;]<\/p>\n<p data-start=\"172\" data-end=\"419\">Laundrix Laundry on Tartu Road 24 is a modern, fully automated self-service laundromat where you can wash and dry your clothes conveniently, easily, and affordably. Located at 24 Tartu Road, it offers easy access both by car and on foot. <\/p>\n<p>[\/vc_column_text][vc_column_text css=&#8221;&#8221; el_class=&#8221;padding-0 margin-top-27&#8243;]<\/p>\n<div class=\"flex-shrink-0 flex flex-col relative items-end\">\n<div class=\"pt-0\">\n<div class=\"gizmo-bot-avatar flex h-8 w-8 items-center justify-center overflow-hidden rounded-full\">\n<div class=\"relative p-1 rounded-sm flex items-center justify-center bg-token-main-surface-primary text-token-text-primary h-8 w-8\">\n<div class=\"flex max-w-full flex-col flex-grow\">\n<div class=\"min-h-8 text-message flex w-full flex-col items-end gap-2 whitespace-normal break-words text-start [.text-message+&amp;]:mt-5\" dir=\"auto\" data-message-author-role=\"assistant\" data-message-id=\"780e664d-82a5-4366-8af6-8e44c0f919d2\" data-message-model-slug=\"gpt-4o\">\n<div class=\"flex w-full flex-col gap-1 empty:hidden first:pt-[3px]\">\n<div class=\"markdown prose w-full break-words dark:prose-invert dark\">\n<p data-start=\"421\" data-end=\"758\">Our laundromat features six large washing machines and four dryers, ensuring efficient and fabric-friendly cleaning. The detergents are environmentally friendly, liquid, and automatically dosed \u2014 suitable for both allergy sufferers and children&#8217;s clothing. Thanks to the modern equipment, you can have your laundry washed and dried in under an hour.  <\/p>\n<p data-start=\"760\" data-end=\"964\">Laundrix Laundry at Tartu Road 24 serves both private and business customers. For business clients, we also offer a convenient laundry pickup and delivery service, along with personalized pricing based on individual needs. <\/p>\n<p data-start=\"966\" data-end=\"1124\">While your laundry is being washed, you can spend your time in nearby caf\u00e9s or shops. Free parking is available next to the building, making your visit especially convenient. <\/p>\n<p data-start=\"1126\" data-end=\"1222\">Laundry clean and dry in under an hour &#8211; come and try it yourself at Laundrix Laundry on Tartu Road!<\/p>\n<\/div>\n<\/div>\n<\/div>\n<\/div>\n<\/div>\n<\/div>\n<\/div>\n<\/div>\n<p>[\/vc_column_text][\/vc_column_inner][\/vc_row_inner][vc_row_inner el_class=&#8221;padding-left-right-30&#8243;][vc_column_inner]<h3 class=\"box-header align-left page-margin-top\">Hinnakiri<\/h3>[vc_column_text css=&#8221;&#8221;]<\/p>\n<table border=\"1\" cellspacing=\"5\" cellpadding=\"5\" align=\"left\">\n<tbody>\n<tr>\n<td>\n<div><strong>Machine number<\/strong><\/div>\n<\/td>\n<td>\n<div><strong>Capacity<\/strong><\/div>\n<\/td>\n<td>\n<div><strong>Price<\/strong><\/div>\n<\/td>\n<\/tr>\n<tr>\n<td>\n<div>Washing machine<\/div>\n<\/td>\n<td>\n<div>10 kg<\/div>\n<\/td>\n<td>\n<div>6 \u20ac<\/div>\n<\/td>\n<\/tr>\n<tr>\n<td>\n<div>Washing machine<\/div>\n<\/td>\n<td>\n<div>15 kg<\/div>\n<\/td>\n<td>\n<div>8 \u20ac<\/div>\n<\/td>\n<\/tr>\n<tr>\n<td>\n<div>Washing machine<\/div>\n<\/td>\n<td>\n<div>20 kg<\/div>\n<\/td>\n<td>\n<div>10 \u20ac<\/div>\n<\/td>\n<\/tr>\n<tr>\n<td>\n<div>Washer dryer<\/div>\n<\/td>\n<td>\n<div>20 min<\/div>\n<\/td>\n<td>\n<div>3 \u20ac<\/div>\n<\/td>\n<\/tr>\n<\/tbody>\n<\/table>\n<p>[\/vc_column_text][\/vc_column_inner][\/vc_row_inner][\/vc_column][\/vc_row][vc_row type=&#8221;full-width cm-parallax&#8221; top_margin=&#8221;page-margin-top-section&#8221; el_class=&#8221;page-padding-top-section&#8221; css=&#8221;.vc_custom_1736437168495{background-color: #3CA4FF !important;}&#8221;][vc_column][vc_row_inner][vc_column_inner width=&#8221;1\/2&#8243;]<h4 class=\"box-header margin-top-40 no-border\">Washing laundry is easy and convenient<\/h4><ul class=\"list margin-top-20\"><li class=\"template-tick-1\"><span>Choose the right size washing machine<\/span><\/li><br \/>\n<li class=\"template-tick-1\"><span>Put the laundry in the washing machine of your choice<\/span><\/li><br \/>\n<li class=\"template-tick-1\"><span>Go to the central payment terminal<\/span><\/li><br \/>\n<li class=\"template-tick-1\"><span>Select your washing machine number in the payment terminal<\/span><\/li><br \/>\n<li class=\"template-tick-1\"><span>Make a payment at the terminal<\/span><\/li><br \/>\n<li class=\"template-tick-1\"><span>Return to the washing machine and close the machine door properly.<\/span><\/li><br \/>\n<li class=\"template-tick-1\"><span>Select the wash cycle from the washing machine control panel<\/span><\/li><br \/>\n<li class=\"template-tick-1\"><span>Confirm your choice on the machine control panel<\/span><\/li><br \/>\n<li class=\"template-tick-1\"><span>Wash cycle starts automatically<\/span><\/li><br \/>\n<li class=\"template-tick-1\"><span>The washing cycle stops only in case of emergency<\/span><\/li><br \/>\n<li class=\"template-tick-1\"><span>The end of the cycle is marked by an audible beep.<\/span><\/li><br \/>\n<li class=\"template-tick-1\"><span>Remove your laundry from the washing machine and enjoy a clean wash!<\/span><\/li><\/ul>[\/vc_column_inner][vc_column_inner width=&#8221;1\/2&#8243;]<h4 class=\"box-header margin-top-40 no-border\">Drying laundry is easy and convenient<\/h4><ul class=\"list margin-top-20\"><li class=\"template-tick-1\"><span>Choose the right tumble dryer<\/span><\/li><br \/>\n<li class=\"template-tick-1\"><span>Place the laundry in the selected dryer<\/span><\/li><br \/>\n<li class=\"template-tick-1\"><span>Go to the central payment terminal<\/span><\/li><br \/>\n<li class=\"template-tick-1\"><span>Select your dryer number in the terminal<\/span><\/li><br \/>\n<li class=\"template-tick-1\"><span>Make a payment at a payment terminal<\/span><\/li><br \/>\n<li class=\"template-tick-1\"><span>Return to the dryer and close the machine door properly.<\/span><\/li><br \/>\n<li class=\"template-tick-1\"><span>Select the appropriate drying cycle from the machine control panel<\/span><\/li><br \/>\n<li class=\"template-tick-1\"><span>Confirm your selection on the dryer control panel<\/span><\/li><br \/>\n<li class=\"template-tick-1\"><span>The drying cycle starts automatically<\/span><\/li><br \/>\n<li class=\"template-tick-1\"><span>Cycle stops only in case of emergency<\/span><\/li><br \/>\n<li class=\"template-tick-1\"><span>The end of the drying cycle is signalled by an audible beep.<\/span><\/li><br \/>\n<li class=\"template-tick-1\"><span>Remove your laundry from the dryer and enjoy a dry and clean wash!<\/span><\/li><\/p>\n<p><\/ul>[\/vc_column_inner][\/vc_row_inner][\/vc_column][\/vc_row][vc_row type=&#8221;full-width&#8221;][vc_column]<div id='map' style='width:100%;height:500px;'><\/div>[\/vc_column][\/vc_row][vc_row type=&#8221;full-width&#8221; el_class=&#8221;padding-top-89 padding-bottom-100&#8243; css=&#8221;.vc_custom_1505914370877{background-color: #f6f6f6 !important;}&#8221;][vc_column][vc_row_inner][vc_column_inner]<h3 class=\"box-header no-border\">CUSTOMER FEEDBACK<\/h3><div class=\"testimonials-container type-small margin-top-40\"><div class=\"cm-carousel-pagination\"><\/div><ul class=\"testimonials-list testimonials-carousel autoplay-0 pause_on_hover-1 scroll-1 effect-scroll easing-easeInOutQuint duration-750\"><li>\n\t\t\t\t\t\n\t\t\t\t\t<p class=\"template-quote\">Kuulsin naabrinaiselt, et Mustakivi keskuses avati iseteeninduslik pesumaja. K\u00e4isin ka uudistamas. Pesin puhtaks enda ja abikaasa talvejoped. K\u00f5ik k\u00e4is lihtsalt ja kiiresti. J\u00e4in v\u00e4ga rahule! \u2013 Marina<\/p>\n\t\t\t\t\t<div class=\"author-details-box\">\n\t\t\t\t\t<div class=\"author\">Meie kliendid hindavad mugavust, kiirust ja kvaliteeti! Tule ja proovi ise j\u00e4rele!<\/div>\n\t\t\t\t\t\n\t\t\t\t\t<\/div>\n\t\t\t\t<\/li><li>\n\t\t\t\t\t\n\t\t\t\t\t<p class=\"template-quote\">K\u00e4isin Laundrix pesumajas suuri patju pesemas. Padjad said puhtaks ja kuivaks v\u00e4ga kiiresti. Mis k\u00f5ige t\u00e4htsam, hinnad olid v\u00e4ga soodsad v\u00f5rreldes keemiliste puhastustega. Kindlasti k\u00fclastan veel! \u2013 Katriin<\/p>\n\t\t\t\t\t<div class=\"author-details-box\">\n\t\t\t\t\t<div class=\"author\">Kiire, taskukohane ja t\u00f5hus \u2013 meie kliendid tulevad alati tagasi! Proovi ka sina!<\/div>\n\t\t\t\t\t\n\t\t\t\t\t<\/div>\n\t\t\t\t<\/li><li>\n\t\t\t\t\t\n\t\t\t\t\t<p class=\"template-quote\">Avastasin Laundrix pesumaja t\u00e4nu s\u00f5branna soovitusele. Pesin seal suure tekikomplekti ja tulemusega j\u00e4in v\u00e4ga rahule. Masinad olid lihtsad kasutada ja pesu sai kiiresti puhtaks ning kuivaks. Kindlasti kasutan teenust ka edaspidi! \u2013 Liina<\/p>\n\t\t\t\t\t<div class=\"author-details-box\">\n\t\t\t\t\t<div class=\"author\">Puhtus ja mugavus igal ajal \u2013 tule ja proovi ise j\u00e4rele!<\/div>\n\t\t\t\t\t\n\t\t\t\t\t<\/div>\n\t\t\t\t<\/li><\/ul><\/div>[\/vc_column_inner][\/vc_row_inner][\/vc_column][\/vc_row]<\/p>\n<\/div>","protected":false},"excerpt":{"rendered":"<p>[vc_row top_margin=&#8221;page-margin-top-section&#8221;][vc_column width=&#8221;1\/2&#8243;][vc_single_image image=&#8221;1834&#8243; img_size=&#8221;big-thumb&#8221; onclick=&#8221;img_link_large&#8221; css=&#8221;&#8221; el_class=&#8221;cm-lightbox&#8221;][vc_row_inner el_class=&#8221;margin-top-30&#8243;][vc_column_inner width=&#8221;1\/2&#8243;][vc_single_image image=&#8221;1847&#8243; img_size=&#8221;small-thumb&#8221; onclick=&#8221;img_link_large&#8221; css=&#8221;&#8221; el_class=&#8221;cm-lightbox&#8221;][vc_single_image image=&#8221;1841&#8243; img_size=&#8221;small-thumb&#8221; onclick=&#8221;img_link_large&#8221; css=&#8221;.vc_custom_1762337296087{padding-top: 40px !important;}&#8221; el_class=&#8221;cm-lightbox&#8221;][\/vc_column_inner][vc_column_inner width=&#8221;1\/2&#8243;][vc_single_image image=&#8221;1850&#8243; img_size=&#8221;small-thumb&#8221; onclick=&#8221;img_link_large&#8221; css=&#8221;&#8221; el_class=&#8221;cm-lightbox&#8221;][vc_single_image image=&#8221;1844&#8243; img_size=&#8221;small-thumb&#8221; onclick=&#8221;img_link_large&#8221; css=&#8221;.vc_custom_1762337303544{padding-top: 40px !important;}&#8221; el_class=&#8221;cm-lightbox&#8221;][\/vc_column_inner][\/vc_row_inner][vc_column_text css=&#8221;&#8221; el_class=&#8221;padding-0 margin-top-27&#8243;] OPEN M-S 07:00-23:00 [\/vc_column_text][vc_column_text css=&#8221;&#8221; el_class=&#8221;padding-0 margin-top-27&#8243;] Customer service tel: +372 5682 8684 (8am-5pm) [\/vc_column_text][vc_column_text css=&#8221;&#8221; el_class=&#8221;padding-0<\/p>\n","protected":false},"author":2,"featured_media":0,"parent":0,"menu_order":0,"comment_status":"closed","ping_status":"closed","template":"","meta":{"footnotes":""},"class_list":["post-1878","page","type-page","status-publish","hentry"],"aioseo_notices":[],"_links":{"self":[{"href":"https:\/\/laundrix.ee\/en\/wp-json\/wp\/v2\/pages\/1878","targetHints":{"allow":["GET"]}}],"collection":[{"href":"https:\/\/laundrix.ee\/en\/wp-json\/wp\/v2\/pages"}],"about":[{"href":"https:\/\/laundrix.ee\/en\/wp-json\/wp\/v2\/types\/page"}],"author":[{"embeddable":true,"href":"https:\/\/laundrix.ee\/en\/wp-json\/wp\/v2\/users\/2"}],"replies":[{"embeddable":true,"href":"https:\/\/laundrix.ee\/en\/wp-json\/wp\/v2\/comments?post=1878"}],"version-history":[{"count":8,"href":"https:\/\/laundrix.ee\/en\/wp-json\/wp\/v2\/pages\/1878\/revisions"}],"predecessor-version":[{"id":1924,"href":"https:\/\/laundrix.ee\/en\/wp-json\/wp\/v2\/pages\/1878\/revisions\/1924"}],"wp:attachment":[{"href":"https:\/\/laundrix.ee\/en\/wp-json\/wp\/v2\/media?parent=1878"}],"curies":[{"name":"wp","href":"https:\/\/api.w.org\/{rel}","templated":true}]}}